{"id":914,"date":"2024-07-23T15:42:49","date_gmt":"2024-07-23T13:42:49","guid":{"rendered":"https:\/\/ks.marabellaofficial.com\/product\/elegant-bag-16\/"},"modified":"2024-07-23T15:42:49","modified_gmt":"2024-07-23T15:42:49","slug":"elegant-bag-16","status":"publish","type":"product","link":"https:\/\/ks.marabellaofficial.com\/sq\/shop\/elegant-bag-16\/","title":{"rendered":"Elegant Bag 16"},"content":{"rendered":"","protected":false},"excerpt":{"rendered":"<p style=\"text-align: left\">\u00c7ant\u00eb supi \/\/ \u00c7ant\u00eb krahu<\/p>\n<p style=\"text-align: left\">Vjen me nj\u00eb rrip<\/p>\n<p style=\"text-align: left\">Dimensioni : Gjer\u00ebsia: 20cm. Gjat\u00ebsia: 12cm Thell\u00ebsia: 3cm.<\/p>\n<p style=\"text-align: left\">Ngjyra: E bardh\u00eb<\/p>\n<p style=\"text-align: left\">Materiali: L\u00ebkur\u00eb artificiale me cil\u00ebsi t\u00eb lart\u00eb<\/p>\n","protected":false},"featured_media":7430,"comment_status":"open","ping_status":"closed","template":"","meta":[],"product_brand":[],"product_cat":[59,64,77],"product_tag":[],"class_list":{"0":"post-914","1":"product","2":"type-product","3":"status-publish","4":"has-post-thumbnail","6":"product_cat-canta","7":"product_cat-elegant-bags-sq","8":"product_cat-zbritje","9":"product_shipping_class-zbritje","11":"first","12":"instock","13":"sale","14":"taxable","15":"shipping-taxable","16":"purchasable","17":"product-type-simple"},"yoast_head":"<!-- This site is optimized with the Yoast SEO plugin v27.0 - https:\/\/yoast.com\/product\/yoast-seo-wordpress\/ -->\n<title>Elegant Bag 16 - Marabella Kosova<\/title>\n<meta name=\"robots\" content=\"index, follow, max-snippet:-1, max-image-preview:large, max-video-preview:-1\" \/>\n<link rel=\"canonical\" href=\"https:\/\/ks.marabellaofficial.com\/sq\/shop\/elegant-bag-16\/\" \/>\n<meta property=\"og:locale\" content=\"sq_AL\" \/>\n<meta property=\"og:type\" content=\"article\" \/>\n<meta property=\"og:title\" content=\"Elegant Bag 16 - Marabella Kosova\" \/>\n<meta property=\"og:description\" content=\"\u00c7ant\u00eb supi \/\/ \u00c7ant\u00eb krahu Vjen me nj\u00eb rrip Dimensioni : Gjer\u00ebsia: 20cm. Gjat\u00ebsia: 12cm Thell\u00ebsia: 3cm. Ngjyra: E bardh\u00eb Materiali: L\u00ebkur\u00eb artificiale me cil\u00ebsi t\u00eb lart\u00eb\" \/>\n<meta property=\"og:url\" content=\"https:\/\/ks.marabellaofficial.com\/sq\/shop\/elegant-bag-16\/\" \/>\n<meta property=\"og:site_name\" content=\"Marabella Kosova\" \/>\n<meta property=\"article:modified_time\" content=\"2024-07-23T15:42:49+00:00\" \/>\n<meta name=\"twitter:card\" content=\"summary_large_image\" \/>\n<script type=\"application\/ld+json\" class=\"yoast-schema-graph\">{\"@context\":\"https:\/\/schema.org\",\"@graph\":[{\"@type\":\"WebPage\",\"@id\":\"https:\/\/ks.marabellaofficial.com\/sq\/shop\/elegant-bag-16\/\",\"url\":\"https:\/\/ks.marabellaofficial.com\/sq\/shop\/elegant-bag-16\/\",\"name\":\"Elegant Bag 16 - Marabella Kosova\",\"isPartOf\":{\"@id\":\"https:\/\/ks.marabellaofficial.com\/sq\/en\/#website\"},\"primaryImageOfPage\":{\"@id\":\"https:\/\/ks.marabellaofficial.com\/sq\/shop\/elegant-bag-16\/#primaryimage\"},\"image\":{\"@id\":\"https:\/\/ks.marabellaofficial.com\/sq\/shop\/elegant-bag-16\/#primaryimage\"},\"thumbnailUrl\":\"https:\/\/ks.marabellaofficial.com\/wp-content\/uploads\/2023\/06\/elegant-bag-2023-white-a.webp\",\"datePublished\":\"2024-07-23T13:42:49+00:00\",\"dateModified\":\"2024-07-23T15:42:49+00:00\",\"breadcrumb\":{\"@id\":\"https:\/\/ks.marabellaofficial.com\/sq\/shop\/elegant-bag-16\/#breadcrumb\"},\"inLanguage\":\"sq-AL\",\"potentialAction\":[{\"@type\":\"ReadAction\",\"target\":[\"https:\/\/ks.marabellaofficial.com\/sq\/shop\/elegant-bag-16\/\"]}]},{\"@type\":\"ImageObject\",\"inLanguage\":\"sq-AL\",\"@id\":\"https:\/\/ks.marabellaofficial.com\/sq\/shop\/elegant-bag-16\/#primaryimage\",\"url\":\"https:\/\/ks.marabellaofficial.com\/wp-content\/uploads\/2023\/06\/elegant-bag-2023-white-a.webp\",\"contentUrl\":\"https:\/\/ks.marabellaofficial.com\/wp-content\/uploads\/2023\/06\/elegant-bag-2023-white-a.webp\"},{\"@type\":\"BreadcrumbList\",\"@id\":\"https:\/\/ks.marabellaofficial.com\/sq\/shop\/elegant-bag-16\/#breadcrumb\",\"itemListElement\":[{\"@type\":\"ListItem\",\"position\":1,\"name\":\"Home\",\"item\":\"https:\/\/ks.marabellaofficial.com\/sq\/\"},{\"@type\":\"ListItem\",\"position\":2,\"name\":\"Dyqan\",\"item\":\"https:\/\/ks.marabellaofficial.com\/sq\/shop\/\"},{\"@type\":\"ListItem\",\"position\":3,\"name\":\"Elegant Bag 16\"}]},{\"@type\":\"WebSite\",\"@id\":\"https:\/\/ks.marabellaofficial.com\/sq\/en\/#website\",\"url\":\"https:\/\/ks.marabellaofficial.com\/sq\/en\/\",\"name\":\"Marabella Kosova\",\"description\":\"Moda | M\u00ebnyra e jetes\u00ebs | Aksesor\u00eb\",\"potentialAction\":[{\"@type\":\"SearchAction\",\"target\":{\"@type\":\"EntryPoint\",\"urlTemplate\":\"https:\/\/ks.marabellaofficial.com\/sq\/en\/?s={search_term_string}\"},\"query-input\":{\"@type\":\"PropertyValueSpecification\",\"valueRequired\":true,\"valueName\":\"search_term_string\"}}],\"inLanguage\":\"sq-AL\"}]}<\/script>\n<!-- \/ Yoast SEO plugin. -->","yoast_head_json":{"title":"Elegant Bag 16 - Marabella Kosova","robots":{"index":"index","follow":"follow","max-snippet":"max-snippet:-1","max-image-preview":"max-image-preview:large","max-video-preview":"max-video-preview:-1"},"canonical":"https:\/\/ks.marabellaofficial.com\/sq\/shop\/elegant-bag-16\/","og_locale":"sq_AL","og_type":"article","og_title":"Elegant Bag 16 - Marabella Kosova","og_description":"\u00c7ant\u00eb supi \/\/ \u00c7ant\u00eb krahu Vjen me nj\u00eb rrip Dimensioni : Gjer\u00ebsia: 20cm. Gjat\u00ebsia: 12cm Thell\u00ebsia: 3cm. Ngjyra: E bardh\u00eb Materiali: L\u00ebkur\u00eb artificiale me cil\u00ebsi t\u00eb lart\u00eb","og_url":"https:\/\/ks.marabellaofficial.com\/sq\/shop\/elegant-bag-16\/","og_site_name":"Marabella Kosova","article_modified_time":"2024-07-23T15:42:49+00:00","twitter_card":"summary_large_image","schema":{"@context":"https:\/\/schema.org","@graph":[{"@type":"WebPage","@id":"https:\/\/ks.marabellaofficial.com\/sq\/shop\/elegant-bag-16\/","url":"https:\/\/ks.marabellaofficial.com\/sq\/shop\/elegant-bag-16\/","name":"Elegant Bag 16 - Marabella Kosova","isPartOf":{"@id":"https:\/\/ks.marabellaofficial.com\/sq\/en\/#website"},"primaryImageOfPage":{"@id":"https:\/\/ks.marabellaofficial.com\/sq\/shop\/elegant-bag-16\/#primaryimage"},"image":{"@id":"https:\/\/ks.marabellaofficial.com\/sq\/shop\/elegant-bag-16\/#primaryimage"},"thumbnailUrl":"https:\/\/ks.marabellaofficial.com\/wp-content\/uploads\/2023\/06\/elegant-bag-2023-white-a.webp","datePublished":"2024-07-23T13:42:49+00:00","dateModified":"2024-07-23T15:42:49+00:00","breadcrumb":{"@id":"https:\/\/ks.marabellaofficial.com\/sq\/shop\/elegant-bag-16\/#breadcrumb"},"inLanguage":"sq-AL","potentialAction":[{"@type":"ReadAction","target":["https:\/\/ks.marabellaofficial.com\/sq\/shop\/elegant-bag-16\/"]}]},{"@type":"ImageObject","inLanguage":"sq-AL","@id":"https:\/\/ks.marabellaofficial.com\/sq\/shop\/elegant-bag-16\/#primaryimage","url":"https:\/\/ks.marabellaofficial.com\/wp-content\/uploads\/2023\/06\/elegant-bag-2023-white-a.webp","contentUrl":"https:\/\/ks.marabellaofficial.com\/wp-content\/uploads\/2023\/06\/elegant-bag-2023-white-a.webp"},{"@type":"BreadcrumbList","@id":"https:\/\/ks.marabellaofficial.com\/sq\/shop\/elegant-bag-16\/#breadcrumb","itemListElement":[{"@type":"ListItem","position":1,"name":"Home","item":"https:\/\/ks.marabellaofficial.com\/sq\/"},{"@type":"ListItem","position":2,"name":"Dyqan","item":"https:\/\/ks.marabellaofficial.com\/sq\/shop\/"},{"@type":"ListItem","position":3,"name":"Elegant Bag 16"}]},{"@type":"WebSite","@id":"https:\/\/ks.marabellaofficial.com\/sq\/en\/#website","url":"https:\/\/ks.marabellaofficial.com\/sq\/en\/","name":"Marabella Kosova","description":"Moda | M\u00ebnyra e jetes\u00ebs | Aksesor\u00eb","potentialAction":[{"@type":"SearchAction","target":{"@type":"EntryPoint","urlTemplate":"https:\/\/ks.marabellaofficial.com\/sq\/en\/?s={search_term_string}"},"query-input":{"@type":"PropertyValueSpecification","valueRequired":true,"valueName":"search_term_string"}}],"inLanguage":"sq-AL"}]}},"jetpack_sharing_enabled":true,"_links":{"self":[{"href":"https:\/\/ks.marabellaofficial.com\/sq\/wp-json\/wp\/v2\/product\/914","targetHints":{"allow":["GET"]}}],"collection":[{"href":"https:\/\/ks.marabellaofficial.com\/sq\/wp-json\/wp\/v2\/product"}],"about":[{"href":"https:\/\/ks.marabellaofficial.com\/sq\/wp-json\/wp\/v2\/types\/product"}],"replies":[{"embeddable":true,"href":"https:\/\/ks.marabellaofficial.com\/sq\/wp-json\/wp\/v2\/comments?post=914"}],"wp:featuredmedia":[{"embeddable":true,"href":"https:\/\/ks.marabellaofficial.com\/sq\/wp-json\/"}],"wp:attachment":[{"href":"https:\/\/ks.marabellaofficial.com\/sq\/wp-json\/wp\/v2\/media?parent=914"}],"wp:term":[{"taxonomy":"product_brand","embeddable":true,"href":"https:\/\/ks.marabellaofficial.com\/sq\/wp-json\/wp\/v2\/product_brand?post=914"},{"taxonomy":"product_cat","embeddable":true,"href":"https:\/\/ks.marabellaofficial.com\/sq\/wp-json\/wp\/v2\/product_cat?post=914"},{"taxonomy":"product_tag","embeddable":true,"href":"https:\/\/ks.marabellaofficial.com\/sq\/wp-json\/wp\/v2\/product_tag?post=914"}],"curies":[{"name":"wp","href":"https:\/\/api.w.org\/{rel}","templated":true}]}}