{"id":74,"date":"2024-07-23T15:42:47","date_gmt":"2024-07-23T15:42:47","guid":{"rendered":"https:\/\/ks.marabellaofficial.com\/?post_type=product&#038;p=74"},"modified":"2025-11-29T17:34:32","modified_gmt":"2025-11-29T16:34:32","slug":"medium-wallet-light-beige","status":"publish","type":"product","link":"https:\/\/ks.marabellaofficial.com\/sq\/shop\/medium-wallet-light-beige\/","title":{"rendered":"Medium Wallet Light Beige"},"content":{"rendered":"","protected":false},"excerpt":{"rendered":"<p style=\"text-align: left\">Medium Wallet<\/p>\n<p style=\"text-align: left\">Dimension : Width: 20cm. Height: 11cm. Depth: 2.5cm.<\/p>\n<p style=\"text-align: left\">Color : Red<\/p>\n<p style=\"text-align: left\">Material : High Quality Artificial Leather<\/p>\n","protected":false},"featured_media":6261,"comment_status":"open","ping_status":"closed","template":"","meta":[],"product_brand":[],"product_cat":[37,35],"product_tag":[],"class_list":{"0":"post-74","1":"product","2":"type-product","3":"status-publish","4":"has-post-thumbnail","6":"product_cat-medium-wallets","7":"product_cat-wallets","8":"product_shipping_class-sale","10":"first","11":"instock","12":"sale","13":"taxable","14":"shipping-taxable","15":"purchasable","16":"product-type-simple"},"yoast_head":"<!-- This site is optimized with the Yoast SEO plugin v27.0 - https:\/\/yoast.com\/product\/yoast-seo-wordpress\/ -->\n<title>Medium Wallet Light Beige - Marabella Kosova<\/title>\n<meta name=\"robots\" content=\"index, follow, max-snippet:-1, max-image-preview:large, max-video-preview:-1\" \/>\n<link rel=\"canonical\" href=\"https:\/\/ks.marabellaofficial.com\/sq\/shop\/medium-wallet-light-beige\/\" \/>\n<meta property=\"og:locale\" content=\"sq_AL\" \/>\n<meta property=\"og:type\" content=\"article\" \/>\n<meta property=\"og:title\" content=\"Medium Wallet Light Beige - Marabella Kosova\" \/>\n<meta property=\"og:description\" content=\"Medium Wallet Dimension : Width: 20cm. Height: 11cm. Depth: 2.5cm. Color : Red Material : High Quality Artificial Leather\" \/>\n<meta property=\"og:url\" content=\"https:\/\/ks.marabellaofficial.com\/sq\/shop\/medium-wallet-light-beige\/\" \/>\n<meta property=\"og:site_name\" content=\"Marabella Kosova\" \/>\n<meta property=\"article:modified_time\" content=\"2025-11-29T16:34:32+00:00\" \/>\n<meta name=\"twitter:card\" content=\"summary_large_image\" \/>\n<script type=\"application\/ld+json\" class=\"yoast-schema-graph\">{\"@context\":\"https:\/\/schema.org\",\"@graph\":[{\"@type\":\"WebPage\",\"@id\":\"https:\/\/ks.marabellaofficial.com\/sq\/shop\/medium-wallet-light-beige\/\",\"url\":\"https:\/\/ks.marabellaofficial.com\/sq\/shop\/medium-wallet-light-beige\/\",\"name\":\"Medium Wallet Light Beige - Marabella Kosova\",\"isPartOf\":{\"@id\":\"https:\/\/ks.marabellaofficial.com\/sq\/en\/#website\"},\"primaryImageOfPage\":{\"@id\":\"https:\/\/ks.marabellaofficial.com\/sq\/shop\/medium-wallet-light-beige\/#primaryimage\"},\"image\":{\"@id\":\"https:\/\/ks.marabellaofficial.com\/sq\/shop\/medium-wallet-light-beige\/#primaryimage\"},\"thumbnailUrl\":\"https:\/\/ks.marabellaofficial.com\/wp-content\/uploads\/2023\/04\/marabella-wallet-big-creme-a.webp\",\"datePublished\":\"2024-07-23T15:42:47+00:00\",\"dateModified\":\"2025-11-29T16:34:32+00:00\",\"breadcrumb\":{\"@id\":\"https:\/\/ks.marabellaofficial.com\/sq\/shop\/medium-wallet-light-beige\/#breadcrumb\"},\"inLanguage\":\"sq-AL\",\"potentialAction\":[{\"@type\":\"ReadAction\",\"target\":[\"https:\/\/ks.marabellaofficial.com\/sq\/shop\/medium-wallet-light-beige\/\"]}]},{\"@type\":\"ImageObject\",\"inLanguage\":\"sq-AL\",\"@id\":\"https:\/\/ks.marabellaofficial.com\/sq\/shop\/medium-wallet-light-beige\/#primaryimage\",\"url\":\"https:\/\/ks.marabellaofficial.com\/wp-content\/uploads\/2023\/04\/marabella-wallet-big-creme-a.webp\",\"contentUrl\":\"https:\/\/ks.marabellaofficial.com\/wp-content\/uploads\/2023\/04\/marabella-wallet-big-creme-a.webp\"},{\"@type\":\"BreadcrumbList\",\"@id\":\"https:\/\/ks.marabellaofficial.com\/sq\/shop\/medium-wallet-light-beige\/#breadcrumb\",\"itemListElement\":[{\"@type\":\"ListItem\",\"position\":1,\"name\":\"Home\",\"item\":\"https:\/\/ks.marabellaofficial.com\/sq\/\"},{\"@type\":\"ListItem\",\"position\":2,\"name\":\"Dyqan\",\"item\":\"https:\/\/ks.marabellaofficial.com\/sq\/shop\/\"},{\"@type\":\"ListItem\",\"position\":3,\"name\":\"Medium Wallet Light Beige\"}]},{\"@type\":\"WebSite\",\"@id\":\"https:\/\/ks.marabellaofficial.com\/sq\/en\/#website\",\"url\":\"https:\/\/ks.marabellaofficial.com\/sq\/en\/\",\"name\":\"Marabella Kosova\",\"description\":\"Moda | M\u00ebnyra e jetes\u00ebs | Aksesor\u00eb\",\"potentialAction\":[{\"@type\":\"SearchAction\",\"target\":{\"@type\":\"EntryPoint\",\"urlTemplate\":\"https:\/\/ks.marabellaofficial.com\/sq\/en\/?s={search_term_string}\"},\"query-input\":{\"@type\":\"PropertyValueSpecification\",\"valueRequired\":true,\"valueName\":\"search_term_string\"}}],\"inLanguage\":\"sq-AL\"}]}<\/script>\n<!-- \/ Yoast SEO plugin. -->","yoast_head_json":{"title":"Medium Wallet Light Beige - Marabella Kosova","robots":{"index":"index","follow":"follow","max-snippet":"max-snippet:-1","max-image-preview":"max-image-preview:large","max-video-preview":"max-video-preview:-1"},"canonical":"https:\/\/ks.marabellaofficial.com\/sq\/shop\/medium-wallet-light-beige\/","og_locale":"sq_AL","og_type":"article","og_title":"Medium Wallet Light Beige - Marabella Kosova","og_description":"Medium Wallet Dimension : Width: 20cm. Height: 11cm. Depth: 2.5cm. Color : Red Material : High Quality Artificial Leather","og_url":"https:\/\/ks.marabellaofficial.com\/sq\/shop\/medium-wallet-light-beige\/","og_site_name":"Marabella Kosova","article_modified_time":"2025-11-29T16:34:32+00:00","twitter_card":"summary_large_image","schema":{"@context":"https:\/\/schema.org","@graph":[{"@type":"WebPage","@id":"https:\/\/ks.marabellaofficial.com\/sq\/shop\/medium-wallet-light-beige\/","url":"https:\/\/ks.marabellaofficial.com\/sq\/shop\/medium-wallet-light-beige\/","name":"Medium Wallet Light Beige - Marabella Kosova","isPartOf":{"@id":"https:\/\/ks.marabellaofficial.com\/sq\/en\/#website"},"primaryImageOfPage":{"@id":"https:\/\/ks.marabellaofficial.com\/sq\/shop\/medium-wallet-light-beige\/#primaryimage"},"image":{"@id":"https:\/\/ks.marabellaofficial.com\/sq\/shop\/medium-wallet-light-beige\/#primaryimage"},"thumbnailUrl":"https:\/\/ks.marabellaofficial.com\/wp-content\/uploads\/2023\/04\/marabella-wallet-big-creme-a.webp","datePublished":"2024-07-23T15:42:47+00:00","dateModified":"2025-11-29T16:34:32+00:00","breadcrumb":{"@id":"https:\/\/ks.marabellaofficial.com\/sq\/shop\/medium-wallet-light-beige\/#breadcrumb"},"inLanguage":"sq-AL","potentialAction":[{"@type":"ReadAction","target":["https:\/\/ks.marabellaofficial.com\/sq\/shop\/medium-wallet-light-beige\/"]}]},{"@type":"ImageObject","inLanguage":"sq-AL","@id":"https:\/\/ks.marabellaofficial.com\/sq\/shop\/medium-wallet-light-beige\/#primaryimage","url":"https:\/\/ks.marabellaofficial.com\/wp-content\/uploads\/2023\/04\/marabella-wallet-big-creme-a.webp","contentUrl":"https:\/\/ks.marabellaofficial.com\/wp-content\/uploads\/2023\/04\/marabella-wallet-big-creme-a.webp"},{"@type":"BreadcrumbList","@id":"https:\/\/ks.marabellaofficial.com\/sq\/shop\/medium-wallet-light-beige\/#breadcrumb","itemListElement":[{"@type":"ListItem","position":1,"name":"Home","item":"https:\/\/ks.marabellaofficial.com\/sq\/"},{"@type":"ListItem","position":2,"name":"Dyqan","item":"https:\/\/ks.marabellaofficial.com\/sq\/shop\/"},{"@type":"ListItem","position":3,"name":"Medium Wallet Light Beige"}]},{"@type":"WebSite","@id":"https:\/\/ks.marabellaofficial.com\/sq\/en\/#website","url":"https:\/\/ks.marabellaofficial.com\/sq\/en\/","name":"Marabella Kosova","description":"Moda | M\u00ebnyra e jetes\u00ebs | Aksesor\u00eb","potentialAction":[{"@type":"SearchAction","target":{"@type":"EntryPoint","urlTemplate":"https:\/\/ks.marabellaofficial.com\/sq\/en\/?s={search_term_string}"},"query-input":{"@type":"PropertyValueSpecification","valueRequired":true,"valueName":"search_term_string"}}],"inLanguage":"sq-AL"}]}},"jetpack_sharing_enabled":true,"_links":{"self":[{"href":"https:\/\/ks.marabellaofficial.com\/sq\/wp-json\/wp\/v2\/product\/74","targetHints":{"allow":["GET"]}}],"collection":[{"href":"https:\/\/ks.marabellaofficial.com\/sq\/wp-json\/wp\/v2\/product"}],"about":[{"href":"https:\/\/ks.marabellaofficial.com\/sq\/wp-json\/wp\/v2\/types\/product"}],"replies":[{"embeddable":true,"href":"https:\/\/ks.marabellaofficial.com\/sq\/wp-json\/wp\/v2\/comments?post=74"}],"wp:featuredmedia":[{"embeddable":true,"href":"https:\/\/ks.marabellaofficial.com\/sq\/wp-json\/"}],"wp:attachment":[{"href":"https:\/\/ks.marabellaofficial.com\/sq\/wp-json\/wp\/v2\/media?parent=74"}],"wp:term":[{"taxonomy":"product_brand","embeddable":true,"href":"https:\/\/ks.marabellaofficial.com\/sq\/wp-json\/wp\/v2\/product_brand?post=74"},{"taxonomy":"product_cat","embeddable":true,"href":"https:\/\/ks.marabellaofficial.com\/sq\/wp-json\/wp\/v2\/product_cat?post=74"},{"taxonomy":"product_tag","embeddable":true,"href":"https:\/\/ks.marabellaofficial.com\/sq\/wp-json\/wp\/v2\/product_tag?post=74"}],"curies":[{"name":"wp","href":"https:\/\/api.w.org\/{rel}","templated":true}]}}