{"id":1478,"date":"2026-03-19T16:25:07","date_gmt":"2026-03-19T15:25:07","guid":{"rendered":"https:\/\/ks.marabellaofficial.com\/?post_type=product&#038;p=1478"},"modified":"2026-03-19T16:25:07","modified_gmt":"2026-03-19T15:25:07","slug":"naomi-dark-brown","status":"publish","type":"product","link":"https:\/\/ks.marabellaofficial.com\/sq\/shop\/naomi-dark-brown\/","title":{"rendered":"Naomi Dark Brown"},"content":{"rendered":"","protected":false},"excerpt":{"rendered":"<p>Shoulder Bag \/\/ Handbag<br \/>\nComes with one strap<br \/>\nDimension : Width: 29cm. Height: 14cm. Depth: 3cm.<br \/>\nColor : Brown<br \/>\nMaterial : High Quality Artificial Leather<\/p>\n","protected":false},"featured_media":23102,"comment_status":"open","ping_status":"closed","template":"","meta":[],"product_brand":[],"product_cat":[40,111],"product_tag":[],"class_list":{"0":"post-1478","1":"product","2":"type-product","3":"status-publish","4":"has-post-thumbnail","6":"product_cat-bags","7":"product_cat-naomi","9":"first","10":"instock","11":"taxable","12":"shipping-taxable","13":"purchasable","14":"product-type-simple"},"yoast_head":"<!-- This site is optimized with the Yoast SEO plugin v27.0 - https:\/\/yoast.com\/product\/yoast-seo-wordpress\/ -->\n<title>Naomi Dark Brown - Marabella Kosova<\/title>\n<meta name=\"robots\" content=\"index, follow, max-snippet:-1, max-image-preview:large, max-video-preview:-1\" \/>\n<link rel=\"canonical\" href=\"https:\/\/ks.marabellaofficial.com\/sq\/shop\/naomi-dark-brown\/\" \/>\n<meta property=\"og:locale\" content=\"sq_AL\" \/>\n<meta property=\"og:type\" content=\"article\" \/>\n<meta property=\"og:title\" content=\"Naomi Dark Brown - Marabella Kosova\" \/>\n<meta property=\"og:description\" content=\"Shoulder Bag \/\/ Handbag Comes with one strap Dimension : Width: 29cm. Height: 14cm. Depth: 3cm. Color : Brown Material : High Quality Artificial Leather\" \/>\n<meta property=\"og:url\" content=\"https:\/\/ks.marabellaofficial.com\/sq\/shop\/naomi-dark-brown\/\" \/>\n<meta property=\"og:site_name\" content=\"Marabella Kosova\" \/>\n<meta name=\"twitter:card\" content=\"summary_large_image\" \/>\n<meta name=\"twitter:label1\" content=\"Est. reading time\" \/>\n\t<meta name=\"twitter:data1\" content=\"1 minute\" \/>\n<script type=\"application\/ld+json\" class=\"yoast-schema-graph\">{\"@context\":\"https:\/\/schema.org\",\"@graph\":[{\"@type\":\"WebPage\",\"@id\":\"https:\/\/ks.marabellaofficial.com\/sq\/shop\/naomi-dark-brown\/\",\"url\":\"https:\/\/ks.marabellaofficial.com\/sq\/shop\/naomi-dark-brown\/\",\"name\":\"Naomi Dark Brown - Marabella Kosova\",\"isPartOf\":{\"@id\":\"https:\/\/ks.marabellaofficial.com\/sq\/en\/#website\"},\"primaryImageOfPage\":{\"@id\":\"https:\/\/ks.marabellaofficial.com\/sq\/shop\/naomi-dark-brown\/#primaryimage\"},\"image\":{\"@id\":\"https:\/\/ks.marabellaofficial.com\/sq\/shop\/naomi-dark-brown\/#primaryimage\"},\"thumbnailUrl\":\"https:\/\/ks.marabellaofficial.com\/wp-content\/uploads\/2026\/02\/bag-naomi-temno-kafeava-a-3.webp\",\"datePublished\":\"2026-03-19T15:25:07+00:00\",\"breadcrumb\":{\"@id\":\"https:\/\/ks.marabellaofficial.com\/sq\/shop\/naomi-dark-brown\/#breadcrumb\"},\"inLanguage\":\"sq-AL\",\"potentialAction\":[{\"@type\":\"ReadAction\",\"target\":[\"https:\/\/ks.marabellaofficial.com\/sq\/shop\/naomi-dark-brown\/\"]}]},{\"@type\":\"ImageObject\",\"inLanguage\":\"sq-AL\",\"@id\":\"https:\/\/ks.marabellaofficial.com\/sq\/shop\/naomi-dark-brown\/#primaryimage\",\"url\":\"https:\/\/ks.marabellaofficial.com\/wp-content\/uploads\/2026\/02\/bag-naomi-temno-kafeava-a-3.webp\",\"contentUrl\":\"https:\/\/ks.marabellaofficial.com\/wp-content\/uploads\/2026\/02\/bag-naomi-temno-kafeava-a-3.webp\"},{\"@type\":\"BreadcrumbList\",\"@id\":\"https:\/\/ks.marabellaofficial.com\/sq\/shop\/naomi-dark-brown\/#breadcrumb\",\"itemListElement\":[{\"@type\":\"ListItem\",\"position\":1,\"name\":\"Home\",\"item\":\"https:\/\/ks.marabellaofficial.com\/sq\/\"},{\"@type\":\"ListItem\",\"position\":2,\"name\":\"Dyqan\",\"item\":\"https:\/\/ks.marabellaofficial.com\/sq\/shop\/\"},{\"@type\":\"ListItem\",\"position\":3,\"name\":\"Naomi Dark Brown\"}]},{\"@type\":\"WebSite\",\"@id\":\"https:\/\/ks.marabellaofficial.com\/sq\/en\/#website\",\"url\":\"https:\/\/ks.marabellaofficial.com\/sq\/en\/\",\"name\":\"Marabella Kosova\",\"description\":\"Moda | M\u00ebnyra e jetes\u00ebs | Aksesor\u00eb\",\"potentialAction\":[{\"@type\":\"SearchAction\",\"target\":{\"@type\":\"EntryPoint\",\"urlTemplate\":\"https:\/\/ks.marabellaofficial.com\/sq\/en\/?s={search_term_string}\"},\"query-input\":{\"@type\":\"PropertyValueSpecification\",\"valueRequired\":true,\"valueName\":\"search_term_string\"}}],\"inLanguage\":\"sq-AL\"}]}<\/script>\n<!-- \/ Yoast SEO plugin. -->","yoast_head_json":{"title":"Naomi Dark Brown - Marabella Kosova","robots":{"index":"index","follow":"follow","max-snippet":"max-snippet:-1","max-image-preview":"max-image-preview:large","max-video-preview":"max-video-preview:-1"},"canonical":"https:\/\/ks.marabellaofficial.com\/sq\/shop\/naomi-dark-brown\/","og_locale":"sq_AL","og_type":"article","og_title":"Naomi Dark Brown - Marabella Kosova","og_description":"Shoulder Bag \/\/ Handbag Comes with one strap Dimension : Width: 29cm. Height: 14cm. Depth: 3cm. Color : Brown Material : High Quality Artificial Leather","og_url":"https:\/\/ks.marabellaofficial.com\/sq\/shop\/naomi-dark-brown\/","og_site_name":"Marabella Kosova","twitter_card":"summary_large_image","twitter_misc":{"Est. reading time":"1 minute"},"schema":{"@context":"https:\/\/schema.org","@graph":[{"@type":"WebPage","@id":"https:\/\/ks.marabellaofficial.com\/sq\/shop\/naomi-dark-brown\/","url":"https:\/\/ks.marabellaofficial.com\/sq\/shop\/naomi-dark-brown\/","name":"Naomi Dark Brown - Marabella Kosova","isPartOf":{"@id":"https:\/\/ks.marabellaofficial.com\/sq\/en\/#website"},"primaryImageOfPage":{"@id":"https:\/\/ks.marabellaofficial.com\/sq\/shop\/naomi-dark-brown\/#primaryimage"},"image":{"@id":"https:\/\/ks.marabellaofficial.com\/sq\/shop\/naomi-dark-brown\/#primaryimage"},"thumbnailUrl":"https:\/\/ks.marabellaofficial.com\/wp-content\/uploads\/2026\/02\/bag-naomi-temno-kafeava-a-3.webp","datePublished":"2026-03-19T15:25:07+00:00","breadcrumb":{"@id":"https:\/\/ks.marabellaofficial.com\/sq\/shop\/naomi-dark-brown\/#breadcrumb"},"inLanguage":"sq-AL","potentialAction":[{"@type":"ReadAction","target":["https:\/\/ks.marabellaofficial.com\/sq\/shop\/naomi-dark-brown\/"]}]},{"@type":"ImageObject","inLanguage":"sq-AL","@id":"https:\/\/ks.marabellaofficial.com\/sq\/shop\/naomi-dark-brown\/#primaryimage","url":"https:\/\/ks.marabellaofficial.com\/wp-content\/uploads\/2026\/02\/bag-naomi-temno-kafeava-a-3.webp","contentUrl":"https:\/\/ks.marabellaofficial.com\/wp-content\/uploads\/2026\/02\/bag-naomi-temno-kafeava-a-3.webp"},{"@type":"BreadcrumbList","@id":"https:\/\/ks.marabellaofficial.com\/sq\/shop\/naomi-dark-brown\/#breadcrumb","itemListElement":[{"@type":"ListItem","position":1,"name":"Home","item":"https:\/\/ks.marabellaofficial.com\/sq\/"},{"@type":"ListItem","position":2,"name":"Dyqan","item":"https:\/\/ks.marabellaofficial.com\/sq\/shop\/"},{"@type":"ListItem","position":3,"name":"Naomi Dark Brown"}]},{"@type":"WebSite","@id":"https:\/\/ks.marabellaofficial.com\/sq\/en\/#website","url":"https:\/\/ks.marabellaofficial.com\/sq\/en\/","name":"Marabella Kosova","description":"Moda | M\u00ebnyra e jetes\u00ebs | Aksesor\u00eb","potentialAction":[{"@type":"SearchAction","target":{"@type":"EntryPoint","urlTemplate":"https:\/\/ks.marabellaofficial.com\/sq\/en\/?s={search_term_string}"},"query-input":{"@type":"PropertyValueSpecification","valueRequired":true,"valueName":"search_term_string"}}],"inLanguage":"sq-AL"}]}},"jetpack_sharing_enabled":true,"_links":{"self":[{"href":"https:\/\/ks.marabellaofficial.com\/sq\/wp-json\/wp\/v2\/product\/1478","targetHints":{"allow":["GET"]}}],"collection":[{"href":"https:\/\/ks.marabellaofficial.com\/sq\/wp-json\/wp\/v2\/product"}],"about":[{"href":"https:\/\/ks.marabellaofficial.com\/sq\/wp-json\/wp\/v2\/types\/product"}],"replies":[{"embeddable":true,"href":"https:\/\/ks.marabellaofficial.com\/sq\/wp-json\/wp\/v2\/comments?post=1478"}],"wp:featuredmedia":[{"embeddable":true,"href":"https:\/\/ks.marabellaofficial.com\/sq\/wp-json\/"}],"wp:attachment":[{"href":"https:\/\/ks.marabellaofficial.com\/sq\/wp-json\/wp\/v2\/media?parent=1478"}],"wp:term":[{"taxonomy":"product_brand","embeddable":true,"href":"https:\/\/ks.marabellaofficial.com\/sq\/wp-json\/wp\/v2\/product_brand?post=1478"},{"taxonomy":"product_cat","embeddable":true,"href":"https:\/\/ks.marabellaofficial.com\/sq\/wp-json\/wp\/v2\/product_cat?post=1478"},{"taxonomy":"product_tag","embeddable":true,"href":"https:\/\/ks.marabellaofficial.com\/sq\/wp-json\/wp\/v2\/product_tag?post=1478"}],"curies":[{"name":"wp","href":"https:\/\/api.w.org\/{rel}","templated":true}]}}