{"id":1417,"date":"2025-11-29T17:24:54","date_gmt":"2025-11-29T16:24:54","guid":{"rendered":"https:\/\/ks.marabellaofficial.com\/shop\/small-s-wallet-6-2\/"},"modified":"2025-11-29T17:24:54","modified_gmt":"2025-11-29T16:24:54","slug":"small-s-wallet-6-2","status":"publish","type":"product","link":"https:\/\/ks.marabellaofficial.com\/sq\/shop\/small-s-wallet-6-2\/","title":{"rendered":"Small S Wallet 6"},"content":{"rendered":"","protected":false},"excerpt":{"rendered":"<p>Portofol i Vog\u00ebl<\/p>\n<p>Dimensionet: Gjer\u00ebsia: 11.5 cm Lart\u00ebsia: 9 cm Thell\u00ebsia: 2 cm.<\/p>\n<p>Ngjyra: Bezh\u00eb<\/p>\n<p>Materiali: L\u00ebkur\u00eb Artificiale me Cil\u00ebsi t\u00eb Lart\u00eb<\/p>\n","protected":false},"featured_media":21895,"comment_status":"open","ping_status":"closed","template":"","meta":[],"product_brand":[],"product_cat":[78],"product_tag":[],"class_list":{"0":"post-1417","1":"product","2":"type-product","3":"status-publish","4":"has-post-thumbnail","6":"product_cat-kuletat","7":"product_shipping_class-sale-sq","9":"first","10":"instock","11":"sale","12":"taxable","13":"shipping-taxable","14":"purchasable","15":"product-type-simple"},"yoast_head":"<!-- This site is optimized with the Yoast SEO plugin v27.0 - https:\/\/yoast.com\/product\/yoast-seo-wordpress\/ -->\n<title>Small S Wallet 6 - Marabella Kosova<\/title>\n<meta name=\"robots\" content=\"index, follow, max-snippet:-1, max-image-preview:large, max-video-preview:-1\" \/>\n<link rel=\"canonical\" href=\"https:\/\/ks.marabellaofficial.com\/sq\/shop\/small-s-wallet-6-2\/\" \/>\n<meta property=\"og:locale\" content=\"sq_AL\" \/>\n<meta property=\"og:type\" content=\"article\" \/>\n<meta property=\"og:title\" content=\"Small S Wallet 6 - Marabella Kosova\" \/>\n<meta property=\"og:description\" content=\"Portofol i Vog\u00ebl Dimensionet: Gjer\u00ebsia: 11.5 cm Lart\u00ebsia: 9 cm Thell\u00ebsia: 2 cm. Ngjyra: Bezh\u00eb Materiali: L\u00ebkur\u00eb Artificiale me Cil\u00ebsi t\u00eb Lart\u00eb\" \/>\n<meta property=\"og:url\" content=\"https:\/\/ks.marabellaofficial.com\/sq\/shop\/small-s-wallet-6-2\/\" \/>\n<meta property=\"og:site_name\" content=\"Marabella Kosova\" \/>\n<meta name=\"twitter:card\" content=\"summary_large_image\" \/>\n<script type=\"application\/ld+json\" class=\"yoast-schema-graph\">{\"@context\":\"https:\/\/schema.org\",\"@graph\":[{\"@type\":\"WebPage\",\"@id\":\"https:\/\/ks.marabellaofficial.com\/sq\/shop\/small-s-wallet-6-2\/\",\"url\":\"https:\/\/ks.marabellaofficial.com\/sq\/shop\/small-s-wallet-6-2\/\",\"name\":\"Small S Wallet 6 - Marabella Kosova\",\"isPartOf\":{\"@id\":\"https:\/\/ks.marabellaofficial.com\/sq\/en\/#website\"},\"primaryImageOfPage\":{\"@id\":\"https:\/\/ks.marabellaofficial.com\/sq\/shop\/small-s-wallet-6-2\/#primaryimage\"},\"image\":{\"@id\":\"https:\/\/ks.marabellaofficial.com\/sq\/shop\/small-s-wallet-6-2\/#primaryimage\"},\"thumbnailUrl\":\"https:\/\/ks.marabellaofficial.com\/wp-content\/uploads\/2025\/11\/37e5735f-bd36-4022-8862-104ded8d3417.jpg\",\"datePublished\":\"2025-11-29T16:24:54+00:00\",\"breadcrumb\":{\"@id\":\"https:\/\/ks.marabellaofficial.com\/sq\/shop\/small-s-wallet-6-2\/#breadcrumb\"},\"inLanguage\":\"sq-AL\",\"potentialAction\":[{\"@type\":\"ReadAction\",\"target\":[\"https:\/\/ks.marabellaofficial.com\/sq\/shop\/small-s-wallet-6-2\/\"]}]},{\"@type\":\"ImageObject\",\"inLanguage\":\"sq-AL\",\"@id\":\"https:\/\/ks.marabellaofficial.com\/sq\/shop\/small-s-wallet-6-2\/#primaryimage\",\"url\":\"https:\/\/ks.marabellaofficial.com\/wp-content\/uploads\/2025\/11\/37e5735f-bd36-4022-8862-104ded8d3417.jpg\",\"contentUrl\":\"https:\/\/ks.marabellaofficial.com\/wp-content\/uploads\/2025\/11\/37e5735f-bd36-4022-8862-104ded8d3417.jpg\"},{\"@type\":\"BreadcrumbList\",\"@id\":\"https:\/\/ks.marabellaofficial.com\/sq\/shop\/small-s-wallet-6-2\/#breadcrumb\",\"itemListElement\":[{\"@type\":\"ListItem\",\"position\":1,\"name\":\"Home\",\"item\":\"https:\/\/ks.marabellaofficial.com\/sq\/\"},{\"@type\":\"ListItem\",\"position\":2,\"name\":\"Dyqan\",\"item\":\"https:\/\/ks.marabellaofficial.com\/sq\/shop\/\"},{\"@type\":\"ListItem\",\"position\":3,\"name\":\"Small S Wallet 6\"}]},{\"@type\":\"WebSite\",\"@id\":\"https:\/\/ks.marabellaofficial.com\/sq\/en\/#website\",\"url\":\"https:\/\/ks.marabellaofficial.com\/sq\/en\/\",\"name\":\"Marabella Kosova\",\"description\":\"Moda | M\u00ebnyra e jetes\u00ebs | Aksesor\u00eb\",\"potentialAction\":[{\"@type\":\"SearchAction\",\"target\":{\"@type\":\"EntryPoint\",\"urlTemplate\":\"https:\/\/ks.marabellaofficial.com\/sq\/en\/?s={search_term_string}\"},\"query-input\":{\"@type\":\"PropertyValueSpecification\",\"valueRequired\":true,\"valueName\":\"search_term_string\"}}],\"inLanguage\":\"sq-AL\"}]}<\/script>\n<!-- \/ Yoast SEO plugin. -->","yoast_head_json":{"title":"Small S Wallet 6 - Marabella Kosova","robots":{"index":"index","follow":"follow","max-snippet":"max-snippet:-1","max-image-preview":"max-image-preview:large","max-video-preview":"max-video-preview:-1"},"canonical":"https:\/\/ks.marabellaofficial.com\/sq\/shop\/small-s-wallet-6-2\/","og_locale":"sq_AL","og_type":"article","og_title":"Small S Wallet 6 - Marabella Kosova","og_description":"Portofol i Vog\u00ebl Dimensionet: Gjer\u00ebsia: 11.5 cm Lart\u00ebsia: 9 cm Thell\u00ebsia: 2 cm. Ngjyra: Bezh\u00eb Materiali: L\u00ebkur\u00eb Artificiale me Cil\u00ebsi t\u00eb Lart\u00eb","og_url":"https:\/\/ks.marabellaofficial.com\/sq\/shop\/small-s-wallet-6-2\/","og_site_name":"Marabella Kosova","twitter_card":"summary_large_image","schema":{"@context":"https:\/\/schema.org","@graph":[{"@type":"WebPage","@id":"https:\/\/ks.marabellaofficial.com\/sq\/shop\/small-s-wallet-6-2\/","url":"https:\/\/ks.marabellaofficial.com\/sq\/shop\/small-s-wallet-6-2\/","name":"Small S Wallet 6 - Marabella Kosova","isPartOf":{"@id":"https:\/\/ks.marabellaofficial.com\/sq\/en\/#website"},"primaryImageOfPage":{"@id":"https:\/\/ks.marabellaofficial.com\/sq\/shop\/small-s-wallet-6-2\/#primaryimage"},"image":{"@id":"https:\/\/ks.marabellaofficial.com\/sq\/shop\/small-s-wallet-6-2\/#primaryimage"},"thumbnailUrl":"https:\/\/ks.marabellaofficial.com\/wp-content\/uploads\/2025\/11\/37e5735f-bd36-4022-8862-104ded8d3417.jpg","datePublished":"2025-11-29T16:24:54+00:00","breadcrumb":{"@id":"https:\/\/ks.marabellaofficial.com\/sq\/shop\/small-s-wallet-6-2\/#breadcrumb"},"inLanguage":"sq-AL","potentialAction":[{"@type":"ReadAction","target":["https:\/\/ks.marabellaofficial.com\/sq\/shop\/small-s-wallet-6-2\/"]}]},{"@type":"ImageObject","inLanguage":"sq-AL","@id":"https:\/\/ks.marabellaofficial.com\/sq\/shop\/small-s-wallet-6-2\/#primaryimage","url":"https:\/\/ks.marabellaofficial.com\/wp-content\/uploads\/2025\/11\/37e5735f-bd36-4022-8862-104ded8d3417.jpg","contentUrl":"https:\/\/ks.marabellaofficial.com\/wp-content\/uploads\/2025\/11\/37e5735f-bd36-4022-8862-104ded8d3417.jpg"},{"@type":"BreadcrumbList","@id":"https:\/\/ks.marabellaofficial.com\/sq\/shop\/small-s-wallet-6-2\/#breadcrumb","itemListElement":[{"@type":"ListItem","position":1,"name":"Home","item":"https:\/\/ks.marabellaofficial.com\/sq\/"},{"@type":"ListItem","position":2,"name":"Dyqan","item":"https:\/\/ks.marabellaofficial.com\/sq\/shop\/"},{"@type":"ListItem","position":3,"name":"Small S Wallet 6"}]},{"@type":"WebSite","@id":"https:\/\/ks.marabellaofficial.com\/sq\/en\/#website","url":"https:\/\/ks.marabellaofficial.com\/sq\/en\/","name":"Marabella Kosova","description":"Moda | M\u00ebnyra e jetes\u00ebs | Aksesor\u00eb","potentialAction":[{"@type":"SearchAction","target":{"@type":"EntryPoint","urlTemplate":"https:\/\/ks.marabellaofficial.com\/sq\/en\/?s={search_term_string}"},"query-input":{"@type":"PropertyValueSpecification","valueRequired":true,"valueName":"search_term_string"}}],"inLanguage":"sq-AL"}]}},"jetpack_sharing_enabled":true,"_links":{"self":[{"href":"https:\/\/ks.marabellaofficial.com\/sq\/wp-json\/wp\/v2\/product\/1417","targetHints":{"allow":["GET"]}}],"collection":[{"href":"https:\/\/ks.marabellaofficial.com\/sq\/wp-json\/wp\/v2\/product"}],"about":[{"href":"https:\/\/ks.marabellaofficial.com\/sq\/wp-json\/wp\/v2\/types\/product"}],"replies":[{"embeddable":true,"href":"https:\/\/ks.marabellaofficial.com\/sq\/wp-json\/wp\/v2\/comments?post=1417"}],"wp:featuredmedia":[{"embeddable":true,"href":"https:\/\/ks.marabellaofficial.com\/sq\/wp-json\/"}],"wp:attachment":[{"href":"https:\/\/ks.marabellaofficial.com\/sq\/wp-json\/wp\/v2\/media?parent=1417"}],"wp:term":[{"taxonomy":"product_brand","embeddable":true,"href":"https:\/\/ks.marabellaofficial.com\/sq\/wp-json\/wp\/v2\/product_brand?post=1417"},{"taxonomy":"product_cat","embeddable":true,"href":"https:\/\/ks.marabellaofficial.com\/sq\/wp-json\/wp\/v2\/product_cat?post=1417"},{"taxonomy":"product_tag","embeddable":true,"href":"https:\/\/ks.marabellaofficial.com\/sq\/wp-json\/wp\/v2\/product_tag?post=1417"}],"curies":[{"name":"wp","href":"https:\/\/api.w.org\/{rel}","templated":true}]}}