{"id":1225,"date":"2025-02-19T14:09:56","date_gmt":"2025-02-19T13:09:56","guid":{"rendered":"https:\/\/ks.marabellaofficial.com\/product\/1225\/"},"modified":"2025-02-19T14:09:56","modified_gmt":"2025-02-19T13:09:56","slug":"1225","status":"publish","type":"product","link":"https:\/\/ks.marabellaofficial.com\/sq\/shop\/1225\/","title":{"rendered":""},"content":{"rendered":"","protected":false},"excerpt":{"rendered":"<p>\u00c7ant\u00eb supi \/\/ \u00c7ant\u00eb krahu<\/p>\n<p>Vjen me nj\u00eb rrip<\/p>\n<p>Dimensioni : Gjer\u00ebsia: 20cm. Gjat\u00ebsia: 13cm. Thell\u00ebsia: 6cm.<\/p>\n<p>Ngjyra: Krem<\/p>\n<p>Materiali: L\u00ebkur\u00eb artificiale me cil\u00ebsi t\u00eb lart\u00eb<\/p>\n","protected":false},"featured_media":11870,"comment_status":"open","ping_status":"closed","template":"","meta":[],"product_brand":[],"product_cat":[59,66],"product_tag":[],"class_list":{"0":"post-1225","1":"product","2":"type-product","3":"status-publish","4":"has-post-thumbnail","6":"product_cat-canta","7":"product_cat-ivy-sq","8":"product_shipping_class-zbritje","10":"first","11":"instock","12":"sale","13":"taxable","14":"shipping-taxable","15":"purchasable","16":"product-type-simple"},"yoast_head":"<!-- This site is optimized with the Yoast SEO plugin v27.0 - https:\/\/yoast.com\/product\/yoast-seo-wordpress\/ -->\n<title>- Marabella Kosova<\/title>\n<meta name=\"robots\" content=\"index, follow, max-snippet:-1, max-image-preview:large, max-video-preview:-1\" \/>\n<link rel=\"canonical\" href=\"https:\/\/ks.marabellaofficial.com\/sq\/shop\/1225\/\" \/>\n<meta property=\"og:locale\" content=\"sq_AL\" \/>\n<meta property=\"og:type\" content=\"article\" \/>\n<meta property=\"og:title\" content=\"- Marabella Kosova\" \/>\n<meta property=\"og:description\" content=\"\u00c7ant\u00eb supi \/\/ \u00c7ant\u00eb krahu Vjen me nj\u00eb rrip Dimensioni : Gjer\u00ebsia: 20cm. Gjat\u00ebsia: 13cm. Thell\u00ebsia: 6cm. Ngjyra: Krem Materiali: L\u00ebkur\u00eb artificiale me cil\u00ebsi t\u00eb lart\u00eb\" \/>\n<meta property=\"og:url\" content=\"https:\/\/ks.marabellaofficial.com\/sq\/shop\/1225\/\" \/>\n<meta property=\"og:site_name\" content=\"Marabella Kosova\" \/>\n<meta name=\"twitter:card\" content=\"summary_large_image\" \/>\n<script type=\"application\/ld+json\" class=\"yoast-schema-graph\">{\"@context\":\"https:\/\/schema.org\",\"@graph\":[{\"@type\":\"WebPage\",\"@id\":\"https:\/\/ks.marabellaofficial.com\/sq\/shop\/1225\/\",\"url\":\"https:\/\/ks.marabellaofficial.com\/sq\/shop\/1225\/\",\"name\":\"- Marabella Kosova\",\"isPartOf\":{\"@id\":\"https:\/\/ks.marabellaofficial.com\/sq\/en\/#website\"},\"primaryImageOfPage\":{\"@id\":\"https:\/\/ks.marabellaofficial.com\/sq\/shop\/1225\/#primaryimage\"},\"image\":{\"@id\":\"https:\/\/ks.marabellaofficial.com\/sq\/shop\/1225\/#primaryimage\"},\"thumbnailUrl\":\"https:\/\/ks.marabellaofficial.com\/wp-content\/uploads\/2024\/06\/Bags-2024-Ivy-glossy-sand-a.webp\",\"datePublished\":\"2025-02-19T13:09:56+00:00\",\"breadcrumb\":{\"@id\":\"https:\/\/ks.marabellaofficial.com\/sq\/shop\/1225\/#breadcrumb\"},\"inLanguage\":\"sq-AL\",\"potentialAction\":[{\"@type\":\"ReadAction\",\"target\":[\"https:\/\/ks.marabellaofficial.com\/sq\/shop\/1225\/\"]}]},{\"@type\":\"ImageObject\",\"inLanguage\":\"sq-AL\",\"@id\":\"https:\/\/ks.marabellaofficial.com\/sq\/shop\/1225\/#primaryimage\",\"url\":\"https:\/\/ks.marabellaofficial.com\/wp-content\/uploads\/2024\/06\/Bags-2024-Ivy-glossy-sand-a.webp\",\"contentUrl\":\"https:\/\/ks.marabellaofficial.com\/wp-content\/uploads\/2024\/06\/Bags-2024-Ivy-glossy-sand-a.webp\"},{\"@type\":\"BreadcrumbList\",\"@id\":\"https:\/\/ks.marabellaofficial.com\/sq\/shop\/1225\/#breadcrumb\",\"itemListElement\":[{\"@type\":\"ListItem\",\"position\":1,\"name\":\"Home\",\"item\":\"https:\/\/ks.marabellaofficial.com\/sq\/\"},{\"@type\":\"ListItem\",\"position\":2,\"name\":\"Dyqan\",\"item\":\"https:\/\/ks.marabellaofficial.com\/sq\/shop\/\"}]},{\"@type\":\"WebSite\",\"@id\":\"https:\/\/ks.marabellaofficial.com\/sq\/en\/#website\",\"url\":\"https:\/\/ks.marabellaofficial.com\/sq\/en\/\",\"name\":\"Marabella Kosova\",\"description\":\"Moda | M\u00ebnyra e jetes\u00ebs | Aksesor\u00eb\",\"potentialAction\":[{\"@type\":\"SearchAction\",\"target\":{\"@type\":\"EntryPoint\",\"urlTemplate\":\"https:\/\/ks.marabellaofficial.com\/sq\/en\/?s={search_term_string}\"},\"query-input\":{\"@type\":\"PropertyValueSpecification\",\"valueRequired\":true,\"valueName\":\"search_term_string\"}}],\"inLanguage\":\"sq-AL\"}]}<\/script>\n<!-- \/ Yoast SEO plugin. -->","yoast_head_json":{"title":"- Marabella Kosova","robots":{"index":"index","follow":"follow","max-snippet":"max-snippet:-1","max-image-preview":"max-image-preview:large","max-video-preview":"max-video-preview:-1"},"canonical":"https:\/\/ks.marabellaofficial.com\/sq\/shop\/1225\/","og_locale":"sq_AL","og_type":"article","og_title":"- Marabella Kosova","og_description":"\u00c7ant\u00eb supi \/\/ \u00c7ant\u00eb krahu Vjen me nj\u00eb rrip Dimensioni : Gjer\u00ebsia: 20cm. Gjat\u00ebsia: 13cm. Thell\u00ebsia: 6cm. Ngjyra: Krem Materiali: L\u00ebkur\u00eb artificiale me cil\u00ebsi t\u00eb lart\u00eb","og_url":"https:\/\/ks.marabellaofficial.com\/sq\/shop\/1225\/","og_site_name":"Marabella Kosova","twitter_card":"summary_large_image","schema":{"@context":"https:\/\/schema.org","@graph":[{"@type":"WebPage","@id":"https:\/\/ks.marabellaofficial.com\/sq\/shop\/1225\/","url":"https:\/\/ks.marabellaofficial.com\/sq\/shop\/1225\/","name":"- Marabella Kosova","isPartOf":{"@id":"https:\/\/ks.marabellaofficial.com\/sq\/en\/#website"},"primaryImageOfPage":{"@id":"https:\/\/ks.marabellaofficial.com\/sq\/shop\/1225\/#primaryimage"},"image":{"@id":"https:\/\/ks.marabellaofficial.com\/sq\/shop\/1225\/#primaryimage"},"thumbnailUrl":"https:\/\/ks.marabellaofficial.com\/wp-content\/uploads\/2024\/06\/Bags-2024-Ivy-glossy-sand-a.webp","datePublished":"2025-02-19T13:09:56+00:00","breadcrumb":{"@id":"https:\/\/ks.marabellaofficial.com\/sq\/shop\/1225\/#breadcrumb"},"inLanguage":"sq-AL","potentialAction":[{"@type":"ReadAction","target":["https:\/\/ks.marabellaofficial.com\/sq\/shop\/1225\/"]}]},{"@type":"ImageObject","inLanguage":"sq-AL","@id":"https:\/\/ks.marabellaofficial.com\/sq\/shop\/1225\/#primaryimage","url":"https:\/\/ks.marabellaofficial.com\/wp-content\/uploads\/2024\/06\/Bags-2024-Ivy-glossy-sand-a.webp","contentUrl":"https:\/\/ks.marabellaofficial.com\/wp-content\/uploads\/2024\/06\/Bags-2024-Ivy-glossy-sand-a.webp"},{"@type":"BreadcrumbList","@id":"https:\/\/ks.marabellaofficial.com\/sq\/shop\/1225\/#breadcrumb","itemListElement":[{"@type":"ListItem","position":1,"name":"Home","item":"https:\/\/ks.marabellaofficial.com\/sq\/"},{"@type":"ListItem","position":2,"name":"Dyqan","item":"https:\/\/ks.marabellaofficial.com\/sq\/shop\/"}]},{"@type":"WebSite","@id":"https:\/\/ks.marabellaofficial.com\/sq\/en\/#website","url":"https:\/\/ks.marabellaofficial.com\/sq\/en\/","name":"Marabella Kosova","description":"Moda | M\u00ebnyra e jetes\u00ebs | Aksesor\u00eb","potentialAction":[{"@type":"SearchAction","target":{"@type":"EntryPoint","urlTemplate":"https:\/\/ks.marabellaofficial.com\/sq\/en\/?s={search_term_string}"},"query-input":{"@type":"PropertyValueSpecification","valueRequired":true,"valueName":"search_term_string"}}],"inLanguage":"sq-AL"}]}},"jetpack_sharing_enabled":true,"_links":{"self":[{"href":"https:\/\/ks.marabellaofficial.com\/sq\/wp-json\/wp\/v2\/product\/1225","targetHints":{"allow":["GET"]}}],"collection":[{"href":"https:\/\/ks.marabellaofficial.com\/sq\/wp-json\/wp\/v2\/product"}],"about":[{"href":"https:\/\/ks.marabellaofficial.com\/sq\/wp-json\/wp\/v2\/types\/product"}],"replies":[{"embeddable":true,"href":"https:\/\/ks.marabellaofficial.com\/sq\/wp-json\/wp\/v2\/comments?post=1225"}],"wp:featuredmedia":[{"embeddable":true,"href":"https:\/\/ks.marabellaofficial.com\/sq\/wp-json\/"}],"wp:attachment":[{"href":"https:\/\/ks.marabellaofficial.com\/sq\/wp-json\/wp\/v2\/media?parent=1225"}],"wp:term":[{"taxonomy":"product_brand","embeddable":true,"href":"https:\/\/ks.marabellaofficial.com\/sq\/wp-json\/wp\/v2\/product_brand?post=1225"},{"taxonomy":"product_cat","embeddable":true,"href":"https:\/\/ks.marabellaofficial.com\/sq\/wp-json\/wp\/v2\/product_cat?post=1225"},{"taxonomy":"product_tag","embeddable":true,"href":"https:\/\/ks.marabellaofficial.com\/sq\/wp-json\/wp\/v2\/product_tag?post=1225"}],"curies":[{"name":"wp","href":"https:\/\/api.w.org\/{rel}","templated":true}]}}