{"id":1204,"date":"2025-02-18T17:47:58","date_gmt":"2025-02-18T16:47:58","guid":{"rendered":"https:\/\/ks.marabellaofficial.com\/product\/bianca-beige\/"},"modified":"2025-07-24T20:50:13","modified_gmt":"2025-07-24T18:50:13","slug":"bianca-beige","status":"publish","type":"product","link":"https:\/\/ks.marabellaofficial.com\/sq\/shop\/bianca-beige\/","title":{"rendered":"Bianca Beige"},"content":{"rendered":"","protected":false},"excerpt":{"rendered":"<p>\u00c7ant\u00eb krahu \/\/ \u00c7ant\u00eb dore<br \/>\nVjen me nj\u00eb rrip<br \/>\nRregullimi i rripit 24-32 cm<br \/>\nDimensioni: Gjer\u00ebsia: 35 cm. Gjat\u00ebsia: 25cm. Thell\u00ebsia: 8 cm.<br \/>\nNgjyra: E zez\u00eb<br \/>\nMateriali: L\u00ebkur\u00eb artificiale me cil\u00ebsi t\u00eb lart\u00eb<\/p>\n","protected":false},"featured_media":15437,"comment_status":"open","ping_status":"closed","template":"","meta":[],"product_brand":[],"product_cat":[97,59],"product_tag":[],"class_list":{"0":"post-1204","1":"product","2":"type-product","3":"status-publish","4":"has-post-thumbnail","6":"product_cat-bianca-2","7":"product_cat-canta","9":"first","10":"instock","11":"taxable","12":"shipping-taxable","13":"purchasable","14":"product-type-simple"},"yoast_head":"<!-- This site is optimized with the Yoast SEO plugin v27.0 - https:\/\/yoast.com\/product\/yoast-seo-wordpress\/ -->\n<title>Bianca Beige - Marabella Kosova<\/title>\n<meta name=\"robots\" content=\"index, follow, max-snippet:-1, max-image-preview:large, max-video-preview:-1\" \/>\n<link rel=\"canonical\" href=\"https:\/\/ks.marabellaofficial.com\/sq\/shop\/bianca-beige\/\" \/>\n<meta property=\"og:locale\" content=\"sq_AL\" \/>\n<meta property=\"og:type\" content=\"article\" \/>\n<meta property=\"og:title\" content=\"Bianca Beige - Marabella Kosova\" \/>\n<meta property=\"og:description\" content=\"\u00c7ant\u00eb krahu \/\/ \u00c7ant\u00eb dore Vjen me nj\u00eb rrip Rregullimi i rripit 24-32 cm Dimensioni: Gjer\u00ebsia: 35 cm. Gjat\u00ebsia: 25cm. Thell\u00ebsia: 8 cm. Ngjyra: E zez\u00eb Materiali: L\u00ebkur\u00eb artificiale me cil\u00ebsi t\u00eb lart\u00eb\" \/>\n<meta property=\"og:url\" content=\"https:\/\/ks.marabellaofficial.com\/sq\/shop\/bianca-beige\/\" \/>\n<meta property=\"og:site_name\" content=\"Marabella Kosova\" \/>\n<meta property=\"article:modified_time\" content=\"2025-07-24T18:50:13+00:00\" \/>\n<meta name=\"twitter:card\" content=\"summary_large_image\" \/>\n<script type=\"application\/ld+json\" class=\"yoast-schema-graph\">{\"@context\":\"https:\/\/schema.org\",\"@graph\":[{\"@type\":\"WebPage\",\"@id\":\"https:\/\/ks.marabellaofficial.com\/sq\/shop\/bianca-beige\/\",\"url\":\"https:\/\/ks.marabellaofficial.com\/sq\/shop\/bianca-beige\/\",\"name\":\"Bianca Beige - Marabella Kosova\",\"isPartOf\":{\"@id\":\"https:\/\/ks.marabellaofficial.com\/sq\/en\/#website\"},\"primaryImageOfPage\":{\"@id\":\"https:\/\/ks.marabellaofficial.com\/sq\/shop\/bianca-beige\/#primaryimage\"},\"image\":{\"@id\":\"https:\/\/ks.marabellaofficial.com\/sq\/shop\/bianca-beige\/#primaryimage\"},\"thumbnailUrl\":\"https:\/\/ks.marabellaofficial.com\/wp-content\/uploads\/2025\/02\/torba-bianca-krem-mat-a.webp\",\"datePublished\":\"2025-02-18T16:47:58+00:00\",\"dateModified\":\"2025-07-24T18:50:13+00:00\",\"breadcrumb\":{\"@id\":\"https:\/\/ks.marabellaofficial.com\/sq\/shop\/bianca-beige\/#breadcrumb\"},\"inLanguage\":\"sq-AL\",\"potentialAction\":[{\"@type\":\"ReadAction\",\"target\":[\"https:\/\/ks.marabellaofficial.com\/sq\/shop\/bianca-beige\/\"]}]},{\"@type\":\"ImageObject\",\"inLanguage\":\"sq-AL\",\"@id\":\"https:\/\/ks.marabellaofficial.com\/sq\/shop\/bianca-beige\/#primaryimage\",\"url\":\"https:\/\/ks.marabellaofficial.com\/wp-content\/uploads\/2025\/02\/torba-bianca-krem-mat-a.webp\",\"contentUrl\":\"https:\/\/ks.marabellaofficial.com\/wp-content\/uploads\/2025\/02\/torba-bianca-krem-mat-a.webp\"},{\"@type\":\"BreadcrumbList\",\"@id\":\"https:\/\/ks.marabellaofficial.com\/sq\/shop\/bianca-beige\/#breadcrumb\",\"itemListElement\":[{\"@type\":\"ListItem\",\"position\":1,\"name\":\"Home\",\"item\":\"https:\/\/ks.marabellaofficial.com\/sq\/\"},{\"@type\":\"ListItem\",\"position\":2,\"name\":\"Dyqan\",\"item\":\"https:\/\/ks.marabellaofficial.com\/sq\/shop\/\"},{\"@type\":\"ListItem\",\"position\":3,\"name\":\"Bianca Beige\"}]},{\"@type\":\"WebSite\",\"@id\":\"https:\/\/ks.marabellaofficial.com\/sq\/en\/#website\",\"url\":\"https:\/\/ks.marabellaofficial.com\/sq\/en\/\",\"name\":\"Marabella Kosova\",\"description\":\"Moda | M\u00ebnyra e jetes\u00ebs | Aksesor\u00eb\",\"potentialAction\":[{\"@type\":\"SearchAction\",\"target\":{\"@type\":\"EntryPoint\",\"urlTemplate\":\"https:\/\/ks.marabellaofficial.com\/sq\/en\/?s={search_term_string}\"},\"query-input\":{\"@type\":\"PropertyValueSpecification\",\"valueRequired\":true,\"valueName\":\"search_term_string\"}}],\"inLanguage\":\"sq-AL\"}]}<\/script>\n<!-- \/ Yoast SEO plugin. -->","yoast_head_json":{"title":"Bianca Beige - Marabella Kosova","robots":{"index":"index","follow":"follow","max-snippet":"max-snippet:-1","max-image-preview":"max-image-preview:large","max-video-preview":"max-video-preview:-1"},"canonical":"https:\/\/ks.marabellaofficial.com\/sq\/shop\/bianca-beige\/","og_locale":"sq_AL","og_type":"article","og_title":"Bianca Beige - Marabella Kosova","og_description":"\u00c7ant\u00eb krahu \/\/ \u00c7ant\u00eb dore Vjen me nj\u00eb rrip Rregullimi i rripit 24-32 cm Dimensioni: Gjer\u00ebsia: 35 cm. Gjat\u00ebsia: 25cm. Thell\u00ebsia: 8 cm. Ngjyra: E zez\u00eb Materiali: L\u00ebkur\u00eb artificiale me cil\u00ebsi t\u00eb lart\u00eb","og_url":"https:\/\/ks.marabellaofficial.com\/sq\/shop\/bianca-beige\/","og_site_name":"Marabella Kosova","article_modified_time":"2025-07-24T18:50:13+00:00","twitter_card":"summary_large_image","schema":{"@context":"https:\/\/schema.org","@graph":[{"@type":"WebPage","@id":"https:\/\/ks.marabellaofficial.com\/sq\/shop\/bianca-beige\/","url":"https:\/\/ks.marabellaofficial.com\/sq\/shop\/bianca-beige\/","name":"Bianca Beige - Marabella Kosova","isPartOf":{"@id":"https:\/\/ks.marabellaofficial.com\/sq\/en\/#website"},"primaryImageOfPage":{"@id":"https:\/\/ks.marabellaofficial.com\/sq\/shop\/bianca-beige\/#primaryimage"},"image":{"@id":"https:\/\/ks.marabellaofficial.com\/sq\/shop\/bianca-beige\/#primaryimage"},"thumbnailUrl":"https:\/\/ks.marabellaofficial.com\/wp-content\/uploads\/2025\/02\/torba-bianca-krem-mat-a.webp","datePublished":"2025-02-18T16:47:58+00:00","dateModified":"2025-07-24T18:50:13+00:00","breadcrumb":{"@id":"https:\/\/ks.marabellaofficial.com\/sq\/shop\/bianca-beige\/#breadcrumb"},"inLanguage":"sq-AL","potentialAction":[{"@type":"ReadAction","target":["https:\/\/ks.marabellaofficial.com\/sq\/shop\/bianca-beige\/"]}]},{"@type":"ImageObject","inLanguage":"sq-AL","@id":"https:\/\/ks.marabellaofficial.com\/sq\/shop\/bianca-beige\/#primaryimage","url":"https:\/\/ks.marabellaofficial.com\/wp-content\/uploads\/2025\/02\/torba-bianca-krem-mat-a.webp","contentUrl":"https:\/\/ks.marabellaofficial.com\/wp-content\/uploads\/2025\/02\/torba-bianca-krem-mat-a.webp"},{"@type":"BreadcrumbList","@id":"https:\/\/ks.marabellaofficial.com\/sq\/shop\/bianca-beige\/#breadcrumb","itemListElement":[{"@type":"ListItem","position":1,"name":"Home","item":"https:\/\/ks.marabellaofficial.com\/sq\/"},{"@type":"ListItem","position":2,"name":"Dyqan","item":"https:\/\/ks.marabellaofficial.com\/sq\/shop\/"},{"@type":"ListItem","position":3,"name":"Bianca Beige"}]},{"@type":"WebSite","@id":"https:\/\/ks.marabellaofficial.com\/sq\/en\/#website","url":"https:\/\/ks.marabellaofficial.com\/sq\/en\/","name":"Marabella Kosova","description":"Moda | M\u00ebnyra e jetes\u00ebs | Aksesor\u00eb","potentialAction":[{"@type":"SearchAction","target":{"@type":"EntryPoint","urlTemplate":"https:\/\/ks.marabellaofficial.com\/sq\/en\/?s={search_term_string}"},"query-input":{"@type":"PropertyValueSpecification","valueRequired":true,"valueName":"search_term_string"}}],"inLanguage":"sq-AL"}]}},"jetpack_sharing_enabled":true,"_links":{"self":[{"href":"https:\/\/ks.marabellaofficial.com\/sq\/wp-json\/wp\/v2\/product\/1204","targetHints":{"allow":["GET"]}}],"collection":[{"href":"https:\/\/ks.marabellaofficial.com\/sq\/wp-json\/wp\/v2\/product"}],"about":[{"href":"https:\/\/ks.marabellaofficial.com\/sq\/wp-json\/wp\/v2\/types\/product"}],"replies":[{"embeddable":true,"href":"https:\/\/ks.marabellaofficial.com\/sq\/wp-json\/wp\/v2\/comments?post=1204"}],"wp:featuredmedia":[{"embeddable":true,"href":"https:\/\/ks.marabellaofficial.com\/sq\/wp-json\/"}],"wp:attachment":[{"href":"https:\/\/ks.marabellaofficial.com\/sq\/wp-json\/wp\/v2\/media?parent=1204"}],"wp:term":[{"taxonomy":"product_brand","embeddable":true,"href":"https:\/\/ks.marabellaofficial.com\/sq\/wp-json\/wp\/v2\/product_brand?post=1204"},{"taxonomy":"product_cat","embeddable":true,"href":"https:\/\/ks.marabellaofficial.com\/sq\/wp-json\/wp\/v2\/product_cat?post=1204"},{"taxonomy":"product_tag","embeddable":true,"href":"https:\/\/ks.marabellaofficial.com\/sq\/wp-json\/wp\/v2\/product_tag?post=1204"}],"curies":[{"name":"wp","href":"https:\/\/api.w.org\/{rel}","templated":true}]}}