{"id":817,"date":"2024-07-24T17:04:49","date_gmt":"2024-07-24T17:04:49","guid":{"rendered":"https:\/\/ks.marabellaofficial.com\/policy\/"},"modified":"2024-07-26T08:26:01","modified_gmt":"2024-07-26T08:26:01","slug":"politika","status":"publish","type":"page","link":"https:\/\/ks.marabellaofficial.com\/sq\/politika\/","title":{"rendered":"Politika e Privat\u00ebsis\u00eb"},"content":{"rendered":"","protected":false},"excerpt":{"rendered":"","protected":false},"author":1,"featured_media":0,"parent":0,"menu_order":0,"comment_status":"closed","ping_status":"closed","template":"","meta":{"footnotes":""},"class_list":["post-817","page","type-page","status-publish","hentry"],"yoast_head":"<!-- This site is optimized with the Yoast SEO plugin v27.0 - https:\/\/yoast.com\/product\/yoast-seo-wordpress\/ -->\n<title>Politika e Privat\u00ebsis\u00eb - Marabella Kosova<\/title>\n<meta name=\"robots\" content=\"index, follow, max-snippet:-1, max-image-preview:large, max-video-preview:-1\" \/>\n<link rel=\"canonical\" href=\"https:\/\/ks.marabellaofficial.com\/sq\/politika\/\" \/>\n<meta property=\"og:locale\" content=\"sq_AL\" \/>\n<meta property=\"og:type\" content=\"article\" \/>\n<meta property=\"og:title\" content=\"Politika e Privat\u00ebsis\u00eb - Marabella Kosova\" \/>\n<meta property=\"og:url\" content=\"https:\/\/ks.marabellaofficial.com\/sq\/politika\/\" \/>\n<meta property=\"og:site_name\" content=\"Marabella Kosova\" \/>\n<meta property=\"article:modified_time\" content=\"2024-07-26T08:26:01+00:00\" \/>\n<meta name=\"twitter:card\" content=\"summary_large_image\" \/>\n<script type=\"application\/ld+json\" class=\"yoast-schema-graph\">{\"@context\":\"https:\/\/schema.org\",\"@graph\":[{\"@type\":\"WebPage\",\"@id\":\"https:\/\/ks.marabellaofficial.com\/sq\/politika\/\",\"url\":\"https:\/\/ks.marabellaofficial.com\/sq\/politika\/\",\"name\":\"Politika e Privat\u00ebsis\u00eb - Marabella Kosova\",\"isPartOf\":{\"@id\":\"https:\/\/ks.marabellaofficial.com\/sq\/en\/#website\"},\"datePublished\":\"2024-07-24T17:04:49+00:00\",\"dateModified\":\"2024-07-26T08:26:01+00:00\",\"breadcrumb\":{\"@id\":\"https:\/\/ks.marabellaofficial.com\/sq\/politika\/#breadcrumb\"},\"inLanguage\":\"sq-AL\",\"potentialAction\":[{\"@type\":\"ReadAction\",\"target\":[\"https:\/\/ks.marabellaofficial.com\/sq\/politika\/\"]}]},{\"@type\":\"BreadcrumbList\",\"@id\":\"https:\/\/ks.marabellaofficial.com\/sq\/politika\/#breadcrumb\",\"itemListElement\":[{\"@type\":\"ListItem\",\"position\":1,\"name\":\"Home\",\"item\":\"https:\/\/ks.marabellaofficial.com\/sq\/\"},{\"@type\":\"ListItem\",\"position\":2,\"name\":\"Politika e Privat\u00ebsis\u00eb\"}]},{\"@type\":\"WebSite\",\"@id\":\"https:\/\/ks.marabellaofficial.com\/sq\/en\/#website\",\"url\":\"https:\/\/ks.marabellaofficial.com\/sq\/en\/\",\"name\":\"Marabella Kosova\",\"description\":\"Moda | M\u00ebnyra e jetes\u00ebs | Aksesor\u00eb\",\"potentialAction\":[{\"@type\":\"SearchAction\",\"target\":{\"@type\":\"EntryPoint\",\"urlTemplate\":\"https:\/\/ks.marabellaofficial.com\/sq\/en\/?s={search_term_string}\"},\"query-input\":{\"@type\":\"PropertyValueSpecification\",\"valueRequired\":true,\"valueName\":\"search_term_string\"}}],\"inLanguage\":\"sq-AL\"}]}<\/script>\n<!-- \/ Yoast SEO plugin. -->","yoast_head_json":{"title":"Politika e Privat\u00ebsis\u00eb - Marabella Kosova","robots":{"index":"index","follow":"follow","max-snippet":"max-snippet:-1","max-image-preview":"max-image-preview:large","max-video-preview":"max-video-preview:-1"},"canonical":"https:\/\/ks.marabellaofficial.com\/sq\/politika\/","og_locale":"sq_AL","og_type":"article","og_title":"Politika e Privat\u00ebsis\u00eb - Marabella Kosova","og_url":"https:\/\/ks.marabellaofficial.com\/sq\/politika\/","og_site_name":"Marabella Kosova","article_modified_time":"2024-07-26T08:26:01+00:00","twitter_card":"summary_large_image","schema":{"@context":"https:\/\/schema.org","@graph":[{"@type":"WebPage","@id":"https:\/\/ks.marabellaofficial.com\/sq\/politika\/","url":"https:\/\/ks.marabellaofficial.com\/sq\/politika\/","name":"Politika e Privat\u00ebsis\u00eb - Marabella Kosova","isPartOf":{"@id":"https:\/\/ks.marabellaofficial.com\/sq\/en\/#website"},"datePublished":"2024-07-24T17:04:49+00:00","dateModified":"2024-07-26T08:26:01+00:00","breadcrumb":{"@id":"https:\/\/ks.marabellaofficial.com\/sq\/politika\/#breadcrumb"},"inLanguage":"sq-AL","potentialAction":[{"@type":"ReadAction","target":["https:\/\/ks.marabellaofficial.com\/sq\/politika\/"]}]},{"@type":"BreadcrumbList","@id":"https:\/\/ks.marabellaofficial.com\/sq\/politika\/#breadcrumb","itemListElement":[{"@type":"ListItem","position":1,"name":"Home","item":"https:\/\/ks.marabellaofficial.com\/sq\/"},{"@type":"ListItem","position":2,"name":"Politika e Privat\u00ebsis\u00eb"}]},{"@type":"WebSite","@id":"https:\/\/ks.marabellaofficial.com\/sq\/en\/#website","url":"https:\/\/ks.marabellaofficial.com\/sq\/en\/","name":"Marabella Kosova","description":"Moda | M\u00ebnyra e jetes\u00ebs | Aksesor\u00eb","potentialAction":[{"@type":"SearchAction","target":{"@type":"EntryPoint","urlTemplate":"https:\/\/ks.marabellaofficial.com\/sq\/en\/?s={search_term_string}"},"query-input":{"@type":"PropertyValueSpecification","valueRequired":true,"valueName":"search_term_string"}}],"inLanguage":"sq-AL"}]}},"jetpack_sharing_enabled":true,"_links":{"self":[{"href":"https:\/\/ks.marabellaofficial.com\/sq\/wp-json\/wp\/v2\/pages\/817","targetHints":{"allow":["GET"]}}],"collection":[{"href":"https:\/\/ks.marabellaofficial.com\/sq\/wp-json\/wp\/v2\/pages"}],"about":[{"href":"https:\/\/ks.marabellaofficial.com\/sq\/wp-json\/wp\/v2\/types\/page"}],"author":[{"embeddable":true,"href":"https:\/\/ks.marabellaofficial.com\/sq\/wp-json\/wp\/v2\/users\/1"}],"replies":[{"embeddable":true,"href":"https:\/\/ks.marabellaofficial.com\/sq\/wp-json\/wp\/v2\/comments?post=817"}],"version-history":[{"count":0,"href":"https:\/\/ks.marabellaofficial.com\/sq\/wp-json\/wp\/v2\/pages\/817\/revisions"}],"wp:attachment":[{"href":"https:\/\/ks.marabellaofficial.com\/sq\/wp-json\/wp\/v2\/media?parent=817"}],"curies":[{"name":"wp","href":"https:\/\/api.w.org\/{rel}","templated":true}]}}